{"id":93,"date":"2022-08-31T01:59:47","date_gmt":"2022-08-31T01:59:47","guid":{"rendered":"https:\/\/vodaterra.cl\/?page_id=93"},"modified":"2023-01-15T21:44:20","modified_gmt":"2023-01-15T21:44:20","slug":"quienes-somos","status":"publish","type":"page","link":"https:\/\/vodaterra.cl\/?page_id=93","title":{"rendered":"Qui\u00e9nes somos"},"content":{"rendered":"\n<div class=\"is-layout-flex wp-container-3 wp-block-columns\">\n<div class=\"is-layout-flow wp-block-column\" style=\"flex-basis:33.33%\">\n<figure class=\"wp-block-image size-large is-resized is-style-default\"><img decoding=\"async\" loading=\"lazy\" src=\"https:\/\/vodaterra.cl\/wp-content\/uploads\/2022\/08\/pexels-karolina-grabowska-4207909-683x1024.jpg\" alt=\"\" class=\"wp-image-102\" width=\"238\" height=\"356\" srcset=\"https:\/\/vodaterra.cl\/wp-content\/uploads\/2022\/08\/pexels-karolina-grabowska-4207909-683x1024.jpg 683w, https:\/\/vodaterra.cl\/wp-content\/uploads\/2022\/08\/pexels-karolina-grabowska-4207909-200x300.jpg 200w, https:\/\/vodaterra.cl\/wp-content\/uploads\/2022\/08\/pexels-karolina-grabowska-4207909-768x1152.jpg 768w, https:\/\/vodaterra.cl\/wp-content\/uploads\/2022\/08\/pexels-karolina-grabowska-4207909-1024x1536.jpg 1024w, https:\/\/vodaterra.cl\/wp-content\/uploads\/2022\/08\/pexels-karolina-grabowska-4207909-1365x2048.jpg 1365w, https:\/\/vodaterra.cl\/wp-content\/uploads\/2022\/08\/pexels-karolina-grabowska-4207909-scaled.jpg 1707w\" sizes=\"(max-width: 238px) 100vw, 238px\" \/><\/figure>\n<\/div>\n\n\n\n<div class=\"is-layout-flow wp-block-column\" style=\"flex-basis:66.66%\">\n<p class=\"has-medium-font-size\"><strong>Jaime Martinich Figueroa<\/strong><\/p>\n\n\n\n<p>T\u00e9cnico agr\u00edcola, dise\u00f1ador de proyectos de riego.<\/p>\n\n\n\n<p class=\"has-medium-font-size\"><strong>Rossana Soriano L\u00f3pez<\/strong><\/p>\n\n\n\n<p>Ingeniero Agr\u00f3nomo, gerente.<\/p>\n\n\n\n<p class=\"has-medium-font-size\"><strong>Claudia Alarcon Paredes<\/strong><\/p>\n\n\n\n<p>Asesor legal relacionado.<\/p>\n<\/div>\n<\/div>\n\n\n\n<p><\/p>\n","protected":false},"excerpt":{"rendered":"<p>Jaime Martinich Figueroa T\u00e9cnico agr\u00edcola, dise\u00f1ador de proyectos de riego. Rossana Soriano L\u00f3pez Ingeniero Agr\u00f3nomo, gerente. Claudia Alarcon Paredes Asesor legal relacionado.<\/p>\n","protected":false},"author":1,"featured_media":0,"parent":0,"menu_order":0,"comment_status":"closed","ping_status":"closed","template":"","meta":{"om_disable_all_campaigns":false,"_mi_skip_tracking":false,"kt_blocks_editor_width":""},"aioseo_notices":[],"_links":{"self":[{"href":"https:\/\/vodaterra.cl\/index.php?rest_route=\/wp\/v2\/pages\/93"}],"collection":[{"href":"https:\/\/vodaterra.cl\/index.php?rest_route=\/wp\/v2\/pages"}],"about":[{"href":"https:\/\/vodaterra.cl\/index.php?rest_route=\/wp\/v2\/types\/page"}],"author":[{"embeddable":true,"href":"https:\/\/vodaterra.cl\/index.php?rest_route=\/wp\/v2\/users\/1"}],"replies":[{"embeddable":true,"href":"https:\/\/vodaterra.cl\/index.php?rest_route=%2Fwp%2Fv2%2Fcomments&post=93"}],"version-history":[{"count":3,"href":"https:\/\/vodaterra.cl\/index.php?rest_route=\/wp\/v2\/pages\/93\/revisions"}],"predecessor-version":[{"id":196,"href":"https:\/\/vodaterra.cl\/index.php?rest_route=\/wp\/v2\/pages\/93\/revisions\/196"}],"wp:attachment":[{"href":"https:\/\/vodaterra.cl\/index.php?rest_route=%2Fwp%2Fv2%2Fmedia&parent=93"}],"curies":[{"name":"wp","href":"https:\/\/api.w.org\/{rel}","templated":true}]}}