{"id":457,"date":"2024-12-07T17:34:39","date_gmt":"2024-12-07T17:34:39","guid":{"rendered":"https:\/\/vodaterra.cl\/?page_id=457"},"modified":"2024-12-09T19:40:48","modified_gmt":"2024-12-09T19:40:48","slug":"sistemas-de-monitoreo-mee","status":"publish","type":"page","link":"https:\/\/vodaterra.cl\/?page_id=457","title":{"rendered":"Sistemas de MEE"},"content":{"rendered":"\n<div class=\"wp-block-media-text alignwide is-stacked-on-mobile\" style=\"grid-template-columns:36% auto\"><figure class=\"wp-block-media-text__media\"><img decoding=\"async\" loading=\"lazy\" width=\"783\" height=\"1024\" src=\"https:\/\/vodaterra.cl\/wp-content\/uploads\/2024\/12\/monitoreo2-783x1024.jpeg\" alt=\"\" class=\"wp-image-458 size-full\" srcset=\"https:\/\/vodaterra.cl\/wp-content\/uploads\/2024\/12\/monitoreo2-783x1024.jpeg 783w, https:\/\/vodaterra.cl\/wp-content\/uploads\/2024\/12\/monitoreo2-229x300.jpeg 229w, https:\/\/vodaterra.cl\/wp-content\/uploads\/2024\/12\/monitoreo2-768x1004.jpeg 768w, https:\/\/vodaterra.cl\/wp-content\/uploads\/2024\/12\/monitoreo2.jpeg 1080w\" sizes=\"(max-width: 783px) 100vw, 783px\" \/><\/figure><div class=\"wp-block-media-text__content\">\n<p class=\"has-medium-font-size\">Instalaci\u00f3n de Sistemas de Monitoreo de Extracciones Efectivas<\/p>\n\n\n\n<p>El 19 de junio de 2019, la DGA (Direcci\u00f3n General de Aguas) public\u00f3 la Resoluci\u00f3n (exenta) N\u00ba 1238, que indica las especificaciones t\u00e9cnicas y plazos en que los titulares de derechos de aguas deber\u00e1n instalar un sistema de medici\u00f3n de caudales y transmitir los datos registrados a la DGA.<\/p>\n\n\n\n<p>Para cumplir con dicha normativa, prestamos servicios de planificaci\u00f3n e instalaci\u00f3n de Sistemas de Monitoreo de Extracciones Efectivas.<\/p>\n\n\n<style id=\"kb-spacer_5e600e-38\">.wp-block-kadence-spacer.kt-block-spacer-_5e600e-38 .kt-block-spacer{height:88px;}.wp-block-kadence-spacer.kt-block-spacer-_5e600e-38 .kt-divider{border-top-width:2px;border-top-color:#c6dfec;width:83%;}<\/style>\n<div class=\"wp-block-kadence-spacer aligncenter kt-block-spacer-_5e600e-38\"><div class=\"kt-block-spacer kt-block-spacer-halign-center\"><hr class=\"kt-divider\"\/><\/div><\/div>\n\n\n\n<div class=\"is-layout-flex wp-container-2 wp-block-columns\">\n<div class=\"is-layout-flow wp-block-column\">\n<div class=\"wp-block-file\"><object class=\"wp-block-file__embed\" data=\"https:\/\/vodaterra.cl\/wp-content\/uploads\/2024\/12\/Presentacion-MEE-XXVII-Jornadas-Ganaderas-ASOGAMA.pdf\" type=\"application\/pdf\" style=\"width:100%;height:461px\" aria-label=\"Embed of Presentacion-MEE-XXVII-Jornadas-Ganaderas-ASOGAMA.\"><\/object><a id=\"wp-block-file--media-951a0eed-bdfd-48cd-a966-74e3708cddd9\" href=\"https:\/\/vodaterra.cl\/wp-content\/uploads\/2024\/12\/Presentacion-MEE-XXVII-Jornadas-Ganaderas-ASOGAMA.pdf\">Presentacion-MEE-XXVII-Jornadas-Ganaderas-ASOGAMA<\/a><a href=\"https:\/\/vodaterra.cl\/wp-content\/uploads\/2024\/12\/Presentacion-MEE-XXVII-Jornadas-Ganaderas-ASOGAMA.pdf\" class=\"wp-block-file__button wp-element-button\" download aria-describedby=\"wp-block-file--media-951a0eed-bdfd-48cd-a966-74e3708cddd9\">Download<\/a><\/div>\n<\/div>\n<\/div>\n<\/div><\/div>\n\n\n\n<div class=\"is-layout-flex wp-container-6 wp-block-columns\">\n<div class=\"is-layout-flow wp-block-column\">\n<figure class=\"wp-block-image size-thumbnail\"><a href=\"https:\/\/vodaterra.cl\/wp-content\/uploads\/2024\/12\/monitoreo1.jpeg\"><img decoding=\"async\" loading=\"lazy\" width=\"150\" height=\"150\" src=\"https:\/\/vodaterra.cl\/wp-content\/uploads\/2024\/12\/monitoreo1-150x150.jpeg\" alt=\"\" class=\"wp-image-459\"\/><\/a><\/figure>\n<\/div>\n\n\n\n<div class=\"is-layout-flow wp-block-column\">\n<figure class=\"wp-block-image size-thumbnail\"><a href=\"https:\/\/vodaterra.cl\/wp-content\/uploads\/2024\/12\/monitoreo3.jpeg\"><img decoding=\"async\" loading=\"lazy\" width=\"150\" height=\"150\" src=\"https:\/\/vodaterra.cl\/wp-content\/uploads\/2024\/12\/monitoreo3-150x150.jpeg\" alt=\"\" class=\"wp-image-460\"\/><\/a><\/figure>\n<\/div>\n\n\n\n<div class=\"is-layout-flow wp-block-column\">\n<figure class=\"wp-block-image size-thumbnail\"><a href=\"http:\/\/vodaterra.cl\/wp-content\/uploads\/2024\/12\/MEE3.jpg\"><img decoding=\"async\" loading=\"lazy\" width=\"150\" height=\"150\" src=\"https:\/\/vodaterra.cl\/wp-content\/uploads\/2024\/12\/MEE3-150x150.jpg\" alt=\"\" class=\"wp-image-495\"\/><\/a><\/figure>\n<\/div>\n<\/div>\n\n\n\n<div class=\"is-layout-flex wp-container-10 wp-block-columns\">\n<div class=\"is-layout-flow wp-block-column\">\n<figure class=\"wp-block-image size-thumbnail\"><a href=\"https:\/\/vodaterra.cl\/wp-content\/uploads\/2024\/12\/WhatsApp-Image-2024-12-07-at-22.16.55-1.jpeg\"><img decoding=\"async\" loading=\"lazy\" width=\"150\" height=\"150\" src=\"https:\/\/vodaterra.cl\/wp-content\/uploads\/2024\/12\/WhatsApp-Image-2024-12-07-at-22.16.55-1-150x150.jpeg\" alt=\"\" class=\"wp-image-505\"\/><\/a><\/figure>\n<\/div>\n\n\n\n<div class=\"is-layout-flow wp-block-column\">\n<figure class=\"wp-block-image size-thumbnail\"><a href=\"https:\/\/vodaterra.cl\/wp-content\/uploads\/2024\/12\/sistmee.jpeg\"><img decoding=\"async\" loading=\"lazy\" width=\"150\" height=\"150\" src=\"https:\/\/vodaterra.cl\/wp-content\/uploads\/2024\/12\/sistmee-150x150.jpeg\" alt=\"\" class=\"wp-image-507\"\/><\/a><\/figure>\n<\/div>\n\n\n\n<div class=\"is-layout-flow wp-block-column\"><\/div>\n<\/div>\n","protected":false},"excerpt":{"rendered":"","protected":false},"author":1,"featured_media":0,"parent":0,"menu_order":0,"comment_status":"closed","ping_status":"closed","template":"","meta":{"om_disable_all_campaigns":false,"_mi_skip_tracking":false,"kt_blocks_editor_width":""},"aioseo_notices":[],"_links":{"self":[{"href":"https:\/\/vodaterra.cl\/index.php?rest_route=\/wp\/v2\/pages\/457"}],"collection":[{"href":"https:\/\/vodaterra.cl\/index.php?rest_route=\/wp\/v2\/pages"}],"about":[{"href":"https:\/\/vodaterra.cl\/index.php?rest_route=\/wp\/v2\/types\/page"}],"author":[{"embeddable":true,"href":"https:\/\/vodaterra.cl\/index.php?rest_route=\/wp\/v2\/users\/1"}],"replies":[{"embeddable":true,"href":"https:\/\/vodaterra.cl\/index.php?rest_route=%2Fwp%2Fv2%2Fcomments&post=457"}],"version-history":[{"count":9,"href":"https:\/\/vodaterra.cl\/index.php?rest_route=\/wp\/v2\/pages\/457\/revisions"}],"predecessor-version":[{"id":508,"href":"https:\/\/vodaterra.cl\/index.php?rest_route=\/wp\/v2\/pages\/457\/revisions\/508"}],"wp:attachment":[{"href":"https:\/\/vodaterra.cl\/index.php?rest_route=%2Fwp%2Fv2%2Fmedia&parent=457"}],"curies":[{"name":"wp","href":"https:\/\/api.w.org\/{rel}","templated":true}]}}