{"id":250,"date":"2023-01-16T23:29:54","date_gmt":"2023-01-16T23:29:54","guid":{"rendered":"https:\/\/vodaterra.cl\/?page_id=250"},"modified":"2023-01-23T16:19:54","modified_gmt":"2023-01-23T16:19:54","slug":"servicios-de-asesoria-y-evaluacion-de-riego-prodesal-sat","status":"publish","type":"page","link":"https:\/\/vodaterra.cl\/?page_id=250","title":{"rendered":"Servicios de asesor\u00eda y evaluaci\u00f3n de riego"},"content":{"rendered":"\n<div class=\"wp-block-media-text alignwide is-stacked-on-mobile\" style=\"grid-template-columns:43% auto\"><figure class=\"wp-block-media-text__media\"><img decoding=\"async\" loading=\"lazy\" width=\"739\" height=\"1024\" src=\"http:\/\/vodaterra.cl\/wp-content\/uploads\/2023\/01\/serv-asesoria-739x1024.jpg\" alt=\"\" class=\"wp-image-257 size-full\" srcset=\"https:\/\/vodaterra.cl\/wp-content\/uploads\/2023\/01\/serv-asesoria-739x1024.jpg 739w, https:\/\/vodaterra.cl\/wp-content\/uploads\/2023\/01\/serv-asesoria-217x300.jpg 217w, https:\/\/vodaterra.cl\/wp-content\/uploads\/2023\/01\/serv-asesoria-768x1064.jpg 768w, https:\/\/vodaterra.cl\/wp-content\/uploads\/2023\/01\/serv-asesoria-1109x1536.jpg 1109w, https:\/\/vodaterra.cl\/wp-content\/uploads\/2023\/01\/serv-asesoria.jpg 1348w\" sizes=\"(max-width: 739px) 100vw, 739px\" \/><\/figure><div class=\"wp-block-media-text__content\">\n<p class=\"has-medium-font-size\">Servicios de asesor\u00eda y evaluaci\u00f3n de riego PRODESAL \/ SAT \/ ORGANIZACIONES USUARIOS DE AGUA \/ GTT \/ ASOCIACIONES GREMIALES \/ COOPERATIVAS \/ PERSONAS INDIVIDUALES<\/p>\n\n\n\n<p style=\"font-size:14px\">Realizamos visitas a terreno con el fin de asesorar y evaluar en conjunto con el\/la agricultor(a) la mejor alternativa t\u00e9cnico-econ\u00f3mica de un sistema de riego para su campo. Para cada caso, se realiza un an\u00e1lisis de la documentaci\u00f3n legal pertinente, y de las v\u00edas de financiamiento que se encuentren disponibles seg\u00fan el caso.<\/p>\n<\/div><\/div>\n","protected":false},"excerpt":{"rendered":"<p>Servicios de asesor\u00eda y evaluaci\u00f3n de riego PRODESAL \/ SAT \/ ORGANIZACIONES USUARIOS DE AGUA \/ GTT \/ ASOCIACIONES GREMIALES \/ COOPERATIVAS \/ PERSONAS INDIVIDUALES Realizamos visitas a terreno con el fin de asesorar y evaluar en conjunto con el\/la &hellip; <a href=\"https:\/\/vodaterra.cl\/?page_id=250\">Continued<\/a><\/p>\n","protected":false},"author":1,"featured_media":0,"parent":0,"menu_order":0,"comment_status":"closed","ping_status":"closed","template":"","meta":{"om_disable_all_campaigns":false,"_mi_skip_tracking":false,"kt_blocks_editor_width":""},"aioseo_notices":[],"_links":{"self":[{"href":"https:\/\/vodaterra.cl\/index.php?rest_route=\/wp\/v2\/pages\/250"}],"collection":[{"href":"https:\/\/vodaterra.cl\/index.php?rest_route=\/wp\/v2\/pages"}],"about":[{"href":"https:\/\/vodaterra.cl\/index.php?rest_route=\/wp\/v2\/types\/page"}],"author":[{"embeddable":true,"href":"https:\/\/vodaterra.cl\/index.php?rest_route=\/wp\/v2\/users\/1"}],"replies":[{"embeddable":true,"href":"https:\/\/vodaterra.cl\/index.php?rest_route=%2Fwp%2Fv2%2Fcomments&post=250"}],"version-history":[{"count":9,"href":"https:\/\/vodaterra.cl\/index.php?rest_route=\/wp\/v2\/pages\/250\/revisions"}],"predecessor-version":[{"id":415,"href":"https:\/\/vodaterra.cl\/index.php?rest_route=\/wp\/v2\/pages\/250\/revisions\/415"}],"wp:attachment":[{"href":"https:\/\/vodaterra.cl\/index.php?rest_route=%2Fwp%2Fv2%2Fmedia&parent=250"}],"curies":[{"name":"wp","href":"https:\/\/api.w.org\/{rel}","templated":true}]}}