{"id":239,"date":"2023-01-16T21:15:06","date_gmt":"2023-01-16T21:15:06","guid":{"rendered":"https:\/\/vodaterra.cl\/?page_id=239"},"modified":"2024-12-09T20:22:22","modified_gmt":"2024-12-09T20:22:22","slug":"asesorias-agricolas-y-ganaderas-capacitaciones-subdivision-de-predios-agricolas","status":"publish","type":"page","link":"https:\/\/vodaterra.cl\/?page_id=239","title":{"rendered":"Asesor\u00edas agr\u00edcolas y ganaderas, capacitaciones, subdivisi\u00f3n de predios agr\u00edcolas"},"content":{"rendered":"\n<div class=\"wp-block-media-text alignwide is-stacked-on-mobile\" style=\"grid-template-columns:44% auto\"><figure class=\"wp-block-media-text__media\"><img decoding=\"async\" loading=\"lazy\" width=\"752\" height=\"1024\" src=\"https:\/\/vodaterra.cl\/wp-content\/uploads\/2023\/01\/asesoria-1-752x1024.jpg\" alt=\"\" class=\"wp-image-247 size-full\" srcset=\"https:\/\/vodaterra.cl\/wp-content\/uploads\/2023\/01\/asesoria-1-752x1024.jpg 752w, https:\/\/vodaterra.cl\/wp-content\/uploads\/2023\/01\/asesoria-1-220x300.jpg 220w, https:\/\/vodaterra.cl\/wp-content\/uploads\/2023\/01\/asesoria-1-768x1046.jpg 768w, https:\/\/vodaterra.cl\/wp-content\/uploads\/2023\/01\/asesoria-1-1128x1536.jpg 1128w, https:\/\/vodaterra.cl\/wp-content\/uploads\/2023\/01\/asesoria-1-1504x2048.jpg 1504w, https:\/\/vodaterra.cl\/wp-content\/uploads\/2023\/01\/asesoria-1.jpg 1556w\" sizes=\"(max-width: 752px) 100vw, 752px\" \/><\/figure><div class=\"wp-block-media-text__content\">\n<p style=\"font-size:14px\">Nuestra experiencia y formaci\u00f3n profesional nos permite ofrecer servicios de asesor\u00eda y capacitaci\u00f3n en los \u00e1mbitos agr\u00edcolas, cultivos al aire libre, cultivos y construcci\u00f3n de invernaderos, frutales, ganader\u00eda mayor y menor, especialidad en lanas, y subdivisi\u00f3n de predios agr\u00edcolas.<\/p>\n\n\n<style id=\"kb-spacer_5e600e-38\">.wp-block-kadence-spacer.kt-block-spacer-_5e600e-38 .kt-block-spacer{height:88px;}.wp-block-kadence-spacer.kt-block-spacer-_5e600e-38 .kt-divider{border-top-width:2px;border-top-color:#c6dfec;width:83%;}<\/style>\n<div class=\"wp-block-kadence-spacer aligncenter kt-block-spacer-_5e600e-38\"><div class=\"kt-block-spacer kt-block-spacer-halign-center\"><hr class=\"kt-divider\"\/><\/div><\/div>\n\n\n\n<div class=\"is-layout-flex wp-container-2 wp-block-columns\">\n<div class=\"is-layout-flow wp-block-column is-vertically-aligned-top\">\n<figure class=\"wp-block-embed is-type-video is-provider-youtube wp-block-embed-youtube wp-embed-aspect-16-9 wp-has-aspect-ratio\"><div class=\"wp-block-embed__wrapper\">\n<iframe loading=\"lazy\" title=\"XXVII Jornadas Ganaderas Asogama, Rossana Soriano - Vodaterra\" width=\"1140\" height=\"641\" src=\"https:\/\/www.youtube.com\/embed\/sBzlP2UORSU?feature=oembed\" frameborder=\"0\" allow=\"accelerometer; autoplay; clipboard-write; encrypted-media; gyroscope; picture-in-picture; web-share\" referrerpolicy=\"strict-origin-when-cross-origin\" allowfullscreen><\/iframe>\n<\/div><figcaption class=\"wp-element-caption\">XXVII Jornadas Ganaderas ASOGAMA, presentaci\u00f3n de Rossana Soriano.<\/figcaption><\/figure>\n<\/div>\n<\/div>\n<\/div><\/div>\n\n\n\n<div class=\"is-layout-flex wp-container-9 wp-block-columns\">\n<div class=\"is-layout-flow wp-block-column is-vertically-aligned-bottom\" style=\"flex-basis:100%\">\n<div class=\"is-layout-flow wp-block-group\"><div class=\"wp-block-group__inner-container\">\n<div class=\"is-layout-flex wp-container-6 wp-block-columns\">\n<div class=\"is-layout-flow wp-block-column\">\n<figure class=\"wp-block-image size-thumbnail\"><a href=\"https:\/\/vodaterra.cl\/wp-content\/uploads\/2024\/12\/asogama-scaled.jpg\"><img decoding=\"async\" loading=\"lazy\" width=\"150\" height=\"150\" src=\"https:\/\/vodaterra.cl\/wp-content\/uploads\/2024\/12\/asogama-150x150.jpg\" alt=\"\" class=\"wp-image-478\"\/><\/a><\/figure>\n<\/div>\n\n\n\n<div class=\"is-layout-flow wp-block-column\">\n<figure class=\"wp-block-image size-thumbnail\"><a href=\"https:\/\/vodaterra.cl\/wp-content\/uploads\/2024\/12\/asesoria2.jpg\"><img decoding=\"async\" loading=\"lazy\" width=\"150\" height=\"150\" src=\"https:\/\/vodaterra.cl\/wp-content\/uploads\/2024\/12\/asesoria2-150x150.jpg\" alt=\"\" class=\"wp-image-510\"\/><\/a><\/figure>\n<\/div>\n\n\n\n<div class=\"is-layout-flow wp-block-column\">\n<figure class=\"wp-block-image size-thumbnail\"><a href=\"https:\/\/vodaterra.cl\/wp-content\/uploads\/2024\/12\/imagen_2024-12-09_172157029.png\"><img decoding=\"async\" loading=\"lazy\" width=\"150\" height=\"150\" src=\"https:\/\/vodaterra.cl\/wp-content\/uploads\/2024\/12\/imagen_2024-12-09_172157029-150x150.png\" alt=\"\" class=\"wp-image-512\"\/><\/a><\/figure>\n<\/div>\n<\/div>\n<\/div><\/div>\n<\/div>\n<\/div>\n","protected":false},"excerpt":{"rendered":"","protected":false},"author":1,"featured_media":0,"parent":0,"menu_order":0,"comment_status":"closed","ping_status":"closed","template":"","meta":{"om_disable_all_campaigns":false,"_mi_skip_tracking":false,"kt_blocks_editor_width":""},"aioseo_notices":[],"_links":{"self":[{"href":"https:\/\/vodaterra.cl\/index.php?rest_route=\/wp\/v2\/pages\/239"}],"collection":[{"href":"https:\/\/vodaterra.cl\/index.php?rest_route=\/wp\/v2\/pages"}],"about":[{"href":"https:\/\/vodaterra.cl\/index.php?rest_route=\/wp\/v2\/types\/page"}],"author":[{"embeddable":true,"href":"https:\/\/vodaterra.cl\/index.php?rest_route=\/wp\/v2\/users\/1"}],"replies":[{"embeddable":true,"href":"https:\/\/vodaterra.cl\/index.php?rest_route=%2Fwp%2Fv2%2Fcomments&post=239"}],"version-history":[{"count":9,"href":"https:\/\/vodaterra.cl\/index.php?rest_route=\/wp\/v2\/pages\/239\/revisions"}],"predecessor-version":[{"id":513,"href":"https:\/\/vodaterra.cl\/index.php?rest_route=\/wp\/v2\/pages\/239\/revisions\/513"}],"wp:attachment":[{"href":"https:\/\/vodaterra.cl\/index.php?rest_route=%2Fwp%2Fv2%2Fmedia&parent=239"}],"curies":[{"name":"wp","href":"https:\/\/api.w.org\/{rel}","templated":true}]}}