{"id":217,"date":"2023-01-15T22:49:29","date_gmt":"2023-01-15T22:49:29","guid":{"rendered":"https:\/\/vodaterra.cl\/?page_id=217"},"modified":"2023-01-23T19:24:17","modified_gmt":"2023-01-23T19:24:17","slug":"generacion-de-energia-fotovoltaica-a-traves-de-instalacion-de-paneles-solares","status":"publish","type":"page","link":"https:\/\/vodaterra.cl\/?page_id=217","title":{"rendered":"ERNC: Generaci\u00f3n de energ\u00eda fotovoltaica"},"content":{"rendered":"\n<div class=\"wp-block-media-text alignwide is-stacked-on-mobile\" style=\"grid-template-columns:36% auto\"><figure class=\"wp-block-media-text__media\"><img decoding=\"async\" loading=\"lazy\" width=\"982\" height=\"1024\" src=\"http:\/\/vodaterra.cl\/wp-content\/uploads\/2022\/09\/paneles-982x1024.jpg\" alt=\"\" class=\"wp-image-146 size-full\" srcset=\"https:\/\/vodaterra.cl\/wp-content\/uploads\/2022\/09\/paneles-982x1024.jpg 982w, https:\/\/vodaterra.cl\/wp-content\/uploads\/2022\/09\/paneles-288x300.jpg 288w, https:\/\/vodaterra.cl\/wp-content\/uploads\/2022\/09\/paneles-768x800.jpg 768w, https:\/\/vodaterra.cl\/wp-content\/uploads\/2022\/09\/paneles-1474x1536.jpg 1474w, https:\/\/vodaterra.cl\/wp-content\/uploads\/2022\/09\/paneles-1965x2048.jpg 1965w\" sizes=\"(max-width: 982px) 100vw, 982px\" \/><\/figure><div class=\"wp-block-media-text__content\">\n<p class=\"has-medium-font-size\">ERNC: Generaci\u00f3n de energ\u00eda fotovoltaica, con paneles solares y energ\u00eda gravitacional.<\/p>\n\n\n\n<p>Contamos con los elementos y la capacidad para dise\u00f1ar, evaluar e instalar equipos de generaci\u00f3n fotovoltaica. En nuestra experiencia con dise\u00f1os, hemos utilizado tambi\u00e9n las condiciones geogr\u00e1ficas del campo y la ubicaci\u00f3n de la fuente de agua para emplear la energ\u00eda gravitacional.<br>Ambos t\u00e9cnicas son Energ\u00edas Renovables no Convencionales (ERNC) que pueden ser utilizadas como impulsi\u00f3n de sistemas de riego, sujeto a factibilidad t\u00e9cnica y econ\u00f3mica.<\/p>\n<\/div><\/div>\n\n\n\n<div class=\"is-layout-flow wp-block-group alignfull\"><div class=\"wp-block-group__inner-container\">\n<div class=\"is-layout-flex wp-container-4 wp-block-columns\">\n<div class=\"is-layout-flow wp-block-column\">\n<figure class=\"wp-block-image size-thumbnail is-style-default\"><a href=\"https:\/\/vodaterra.cl\/wp-content\/uploads\/2023\/01\/paneles-solares-scaled.jpg\"><img decoding=\"async\" loading=\"lazy\" width=\"150\" height=\"150\" src=\"https:\/\/vodaterra.cl\/wp-content\/uploads\/2023\/01\/paneles-solares-150x150.jpg\" alt=\"\" class=\"wp-image-297\"\/><\/a><\/figure>\n<\/div>\n\n\n\n<div class=\"is-layout-flow wp-block-column\">\n<figure class=\"wp-block-image size-thumbnail\"><a href=\"https:\/\/vodaterra.cl\/wp-content\/uploads\/2023\/01\/paneles-2-scaled.jpg\"><img decoding=\"async\" loading=\"lazy\" width=\"150\" height=\"150\" src=\"https:\/\/vodaterra.cl\/wp-content\/uploads\/2023\/01\/paneles-2-150x150.jpg\" alt=\"\" class=\"wp-image-321\"\/><\/a><\/figure>\n<\/div>\n\n\n\n<div class=\"is-layout-flow wp-block-column\">\n<figure class=\"wp-block-image size-thumbnail\"><a href=\"https:\/\/vodaterra.cl\/wp-content\/uploads\/2023\/01\/paneles-3-scaled.jpg\"><img decoding=\"async\" loading=\"lazy\" width=\"150\" height=\"150\" src=\"https:\/\/vodaterra.cl\/wp-content\/uploads\/2023\/01\/paneles-3-150x150.jpg\" alt=\"\" class=\"wp-image-324\"\/><\/a><\/figure>\n<\/div>\n<\/div>\n<\/div><\/div>\n\n\n\n<p><\/p>\n","protected":false},"excerpt":{"rendered":"<p>ERNC: Generaci\u00f3n de energ\u00eda fotovoltaica, con paneles solares y energ\u00eda gravitacional. Contamos con los elementos y la capacidad para dise\u00f1ar, evaluar e instalar equipos de generaci\u00f3n fotovoltaica. En nuestra experiencia con dise\u00f1os, hemos utilizado tambi\u00e9n las condiciones geogr\u00e1ficas del campo &hellip; <a href=\"https:\/\/vodaterra.cl\/?page_id=217\">Continued<\/a><\/p>\n","protected":false},"author":1,"featured_media":0,"parent":0,"menu_order":0,"comment_status":"closed","ping_status":"closed","template":"","meta":{"om_disable_all_campaigns":false,"_mi_skip_tracking":false,"kt_blocks_editor_width":""},"aioseo_notices":[],"_links":{"self":[{"href":"https:\/\/vodaterra.cl\/index.php?rest_route=\/wp\/v2\/pages\/217"}],"collection":[{"href":"https:\/\/vodaterra.cl\/index.php?rest_route=\/wp\/v2\/pages"}],"about":[{"href":"https:\/\/vodaterra.cl\/index.php?rest_route=\/wp\/v2\/types\/page"}],"author":[{"embeddable":true,"href":"https:\/\/vodaterra.cl\/index.php?rest_route=\/wp\/v2\/users\/1"}],"replies":[{"embeddable":true,"href":"https:\/\/vodaterra.cl\/index.php?rest_route=%2Fwp%2Fv2%2Fcomments&post=217"}],"version-history":[{"count":11,"href":"https:\/\/vodaterra.cl\/index.php?rest_route=\/wp\/v2\/pages\/217\/revisions"}],"predecessor-version":[{"id":326,"href":"https:\/\/vodaterra.cl\/index.php?rest_route=\/wp\/v2\/pages\/217\/revisions\/326"}],"wp:attachment":[{"href":"https:\/\/vodaterra.cl\/index.php?rest_route=%2Fwp%2Fv2%2Fmedia&parent=217"}],"curies":[{"name":"wp","href":"https:\/\/api.w.org\/{rel}","templated":true}]}}