{"id":213,"date":"2023-01-15T22:47:55","date_gmt":"2023-01-15T22:47:55","guid":{"rendered":"https:\/\/vodaterra.cl\/?page_id=213"},"modified":"2024-12-09T21:41:00","modified_gmt":"2024-12-09T21:41:00","slug":"aerofotogrametria","status":"publish","type":"page","link":"https:\/\/vodaterra.cl\/?page_id=213","title":{"rendered":"Aerofotogrametr\u00eda"},"content":{"rendered":"\n<div class=\"wp-block-media-text alignwide is-stacked-on-mobile\" style=\"grid-template-columns:36% auto\"><figure class=\"wp-block-media-text__media\"><img decoding=\"async\" loading=\"lazy\" width=\"683\" height=\"1024\" src=\"http:\/\/vodaterra.cl\/wp-content\/uploads\/2022\/08\/pexels-amar-preciado-12032545-1-683x1024.jpg\" alt=\"\" class=\"wp-image-100 size-full\" srcset=\"https:\/\/vodaterra.cl\/wp-content\/uploads\/2022\/08\/pexels-amar-preciado-12032545-1-683x1024.jpg 683w, https:\/\/vodaterra.cl\/wp-content\/uploads\/2022\/08\/pexels-amar-preciado-12032545-1-200x300.jpg 200w, https:\/\/vodaterra.cl\/wp-content\/uploads\/2022\/08\/pexels-amar-preciado-12032545-1-768x1152.jpg 768w, https:\/\/vodaterra.cl\/wp-content\/uploads\/2022\/08\/pexels-amar-preciado-12032545-1-1024x1536.jpg 1024w, https:\/\/vodaterra.cl\/wp-content\/uploads\/2022\/08\/pexels-amar-preciado-12032545-1-1365x2048.jpg 1365w, https:\/\/vodaterra.cl\/wp-content\/uploads\/2022\/08\/pexels-amar-preciado-12032545-1-scaled.jpg 1707w\" sizes=\"(max-width: 683px) 100vw, 683px\" \/><\/figure><div class=\"wp-block-media-text__content\">\n<p class=\"has-medium-font-size\"><\/p>\n\n\n\n<p>Contamos con el equipo necesario para obtener fotograf\u00edas a\u00e9reas, en base a las cuales se pueden realizar mediciones gracias al sistema de geolocalizaci\u00f3n. La perspectiva a\u00e9rea entrega informaci\u00f3n valiosa para la planificaci\u00f3n de los proyectos de riego.<\/p>\n<\/div><\/div>\n\n\n\n<div class=\"is-layout-flex wp-container-4 wp-block-columns\">\n<div class=\"is-layout-flow wp-block-column\">\n<figure class=\"wp-block-image size-thumbnail\"><a href=\"https:\/\/vodaterra.cl\/wp-content\/uploads\/2023\/01\/dron.png\"><img decoding=\"async\" loading=\"lazy\" width=\"150\" height=\"150\" src=\"https:\/\/vodaterra.cl\/wp-content\/uploads\/2023\/01\/dron-150x150.png\" alt=\"\" class=\"wp-image-354\"\/><\/a><\/figure>\n<\/div>\n\n\n\n<div class=\"is-layout-flow wp-block-column\">\n<figure class=\"wp-block-image size-thumbnail\"><a href=\"https:\/\/vodaterra.cl\/wp-content\/uploads\/2023\/01\/dron-2.png\"><img decoding=\"async\" loading=\"lazy\" width=\"150\" height=\"150\" src=\"https:\/\/vodaterra.cl\/wp-content\/uploads\/2023\/01\/dron-2-150x150.png\" alt=\"\" class=\"wp-image-356\"\/><\/a><\/figure>\n<\/div>\n\n\n\n<div class=\"is-layout-flow wp-block-column\">\n<figure class=\"wp-block-image size-thumbnail\"><a href=\"https:\/\/vodaterra.cl\/wp-content\/uploads\/2024\/12\/imagen_2024-12-09_184049147.png\"><img decoding=\"async\" loading=\"lazy\" width=\"150\" height=\"150\" src=\"https:\/\/vodaterra.cl\/wp-content\/uploads\/2024\/12\/imagen_2024-12-09_184049147-150x150.png\" alt=\"\" class=\"wp-image-521\"\/><\/a><\/figure>\n<\/div>\n<\/div>\n","protected":false},"excerpt":{"rendered":"<p>Contamos con el equipo necesario para obtener fotograf\u00edas a\u00e9reas, en base a las cuales se pueden realizar mediciones gracias al sistema de geolocalizaci\u00f3n. La perspectiva a\u00e9rea entrega informaci\u00f3n valiosa para la planificaci\u00f3n de los proyectos de riego.<\/p>\n","protected":false},"author":1,"featured_media":0,"parent":0,"menu_order":0,"comment_status":"closed","ping_status":"closed","template":"","meta":{"om_disable_all_campaigns":false,"_mi_skip_tracking":false,"kt_blocks_editor_width":""},"aioseo_notices":[],"_links":{"self":[{"href":"https:\/\/vodaterra.cl\/index.php?rest_route=\/wp\/v2\/pages\/213"}],"collection":[{"href":"https:\/\/vodaterra.cl\/index.php?rest_route=\/wp\/v2\/pages"}],"about":[{"href":"https:\/\/vodaterra.cl\/index.php?rest_route=\/wp\/v2\/types\/page"}],"author":[{"embeddable":true,"href":"https:\/\/vodaterra.cl\/index.php?rest_route=\/wp\/v2\/users\/1"}],"replies":[{"embeddable":true,"href":"https:\/\/vodaterra.cl\/index.php?rest_route=%2Fwp%2Fv2%2Fcomments&post=213"}],"version-history":[{"count":4,"href":"https:\/\/vodaterra.cl\/index.php?rest_route=\/wp\/v2\/pages\/213\/revisions"}],"predecessor-version":[{"id":522,"href":"https:\/\/vodaterra.cl\/index.php?rest_route=\/wp\/v2\/pages\/213\/revisions\/522"}],"wp:attachment":[{"href":"https:\/\/vodaterra.cl\/index.php?rest_route=%2Fwp%2Fv2%2Fmedia&parent=213"}],"curies":[{"name":"wp","href":"https:\/\/api.w.org\/{rel}","templated":true}]}}