{"id":208,"date":"2023-01-15T22:41:34","date_gmt":"2023-01-15T22:41:34","guid":{"rendered":"https:\/\/vodaterra.cl\/?page_id=208"},"modified":"2023-01-23T23:32:02","modified_gmt":"2023-01-23T23:32:02","slug":"diseno-y-construccion-de-proyectos-y-o-sistemas-de-riego","status":"publish","type":"page","link":"https:\/\/vodaterra.cl\/?page_id=208","title":{"rendered":"Dise\u00f1o y construcci\u00f3n de proyectos y\/o sistemas de riego"},"content":{"rendered":"\n<div class=\"wp-block-media-text alignwide is-stacked-on-mobile\" style=\"grid-template-columns:36% auto\"><figure class=\"wp-block-media-text__media\"><img decoding=\"async\" loading=\"lazy\" width=\"683\" height=\"1024\" src=\"http:\/\/vodaterra.cl\/wp-content\/uploads\/2022\/09\/riego_full.jpg\" alt=\"\" class=\"wp-image-154 size-full\" srcset=\"https:\/\/vodaterra.cl\/wp-content\/uploads\/2022\/09\/riego_full.jpg 683w, https:\/\/vodaterra.cl\/wp-content\/uploads\/2022\/09\/riego_full-200x300.jpg 200w\" sizes=\"(max-width: 683px) 100vw, 683px\" \/><\/figure><div class=\"wp-block-media-text__content\">\n<p class=\"has-medium-font-size\">Dise\u00f1o y construcci\u00f3n de proyectos y\/o sistemas de riego.<\/p>\n\n\n\n<p>Luego de la planificaci\u00f3n de los proyectos de riego, llevamos a cabo el dise\u00f1o y construcci\u00f3n de los sistemas para regad\u00edo utilizando materiales de alta calidad.<\/p>\n\n\n\n<p>Nuestros sistemas de riego son construidos con equipos y materiales de primera calidad, cumpliendo con las certificaciones CESMEC, CICTUC, INN, y el INSTRUCTIVO APLICACI\u00d3N NORMAS T\u00c9CNICAS CHILENAS DE CALIDAD PARA EQUIPOS Y ELEMENTOS DE RIEGO MEC\u00c1NICO. Asismismo nuestros trabajos son garantizados al menos por el per\u00edodo de 1 a\u00f1o de recepcionada la obra.<\/p>\n<\/div><\/div>\n\n\n\n<div class=\"is-layout-flex wp-container-13 wp-block-columns\">\n<div class=\"is-layout-flow wp-block-column\" style=\"flex-basis:100%\">\n<div class=\"is-layout-flex wp-container-7 wp-block-columns are-vertically-aligned-bottom\">\n<div class=\"is-layout-flow wp-block-column is-vertically-aligned-bottom\" style=\"flex-basis:100%\">\n<div class=\"is-layout-flow wp-block-group\"><div class=\"wp-block-group__inner-container\">\n<div class=\"is-layout-flex wp-container-4 wp-block-columns\">\n<div class=\"is-layout-flow wp-block-column\">\n<figure class=\"wp-block-image size-thumbnail\"><a href=\"https:\/\/vodaterra.cl\/wp-content\/uploads\/2023\/01\/sist-riego-scaled.jpg\"><img decoding=\"async\" loading=\"lazy\" width=\"150\" height=\"150\" src=\"https:\/\/vodaterra.cl\/wp-content\/uploads\/2023\/01\/sist-riego-150x150.jpg\" alt=\"\" class=\"wp-image-293\"\/><\/a><\/figure>\n<\/div>\n\n\n\n<div class=\"is-layout-flow wp-block-column\">\n<figure class=\"wp-block-image size-thumbnail\"><a href=\"https:\/\/vodaterra.cl\/wp-content\/uploads\/2023\/01\/riego-2.png\"><img decoding=\"async\" loading=\"lazy\" width=\"150\" height=\"150\" src=\"https:\/\/vodaterra.cl\/wp-content\/uploads\/2023\/01\/riego-2-150x150.png\" alt=\"\" class=\"wp-image-308\"\/><\/a><\/figure>\n<\/div>\n\n\n\n<div class=\"is-layout-flow wp-block-column\">\n<figure class=\"wp-block-image size-thumbnail is-resized\"><a href=\"https:\/\/vodaterra.cl\/wp-content\/uploads\/2023\/01\/riego-3-scaled.jpg\"><img decoding=\"async\" loading=\"lazy\" src=\"https:\/\/vodaterra.cl\/wp-content\/uploads\/2023\/01\/riego-3-150x150.jpg\" alt=\"\" class=\"wp-image-314\" width=\"150\" height=\"150\"\/><\/a><\/figure>\n<\/div>\n<\/div>\n<\/div><\/div>\n<\/div>\n<\/div>\n\n\n\n<div class=\"is-layout-flex wp-container-11 wp-block-columns\">\n<div class=\"is-layout-flow wp-block-column\">\n<figure class=\"wp-block-image size-thumbnail\"><a href=\"https:\/\/vodaterra.cl\/wp-content\/uploads\/2023\/01\/riego-4-scaled.jpg\"><img decoding=\"async\" loading=\"lazy\" width=\"150\" height=\"150\" src=\"https:\/\/vodaterra.cl\/wp-content\/uploads\/2023\/01\/riego-4-150x150.jpg\" alt=\"\" class=\"wp-image-351\"\/><\/a><\/figure>\n<\/div>\n\n\n\n<div class=\"is-layout-flow wp-block-column\">\n<figure class=\"wp-block-image size-thumbnail\"><a href=\"https:\/\/vodaterra.cl\/wp-content\/uploads\/2023\/01\/riego-5-scaled.jpg\"><img decoding=\"async\" loading=\"lazy\" width=\"150\" height=\"150\" src=\"https:\/\/vodaterra.cl\/wp-content\/uploads\/2023\/01\/riego-5-150x150.jpg\" alt=\"\" class=\"wp-image-352\"\/><\/a><\/figure>\n<\/div>\n\n\n\n<div class=\"is-layout-flow wp-block-column\"><\/div>\n<\/div>\n<\/div>\n<\/div>\n\n\n\n<p><\/p>\n","protected":false},"excerpt":{"rendered":"<p>Dise\u00f1o y construcci\u00f3n de proyectos y\/o sistemas de riego. Luego de la planificaci\u00f3n de los proyectos de riego, llevamos a cabo el dise\u00f1o y construcci\u00f3n de los sistemas para regad\u00edo utilizando materiales de alta calidad. Nuestros sistemas de riego son &hellip; <a href=\"https:\/\/vodaterra.cl\/?page_id=208\">Continued<\/a><\/p>\n","protected":false},"author":1,"featured_media":0,"parent":0,"menu_order":0,"comment_status":"closed","ping_status":"closed","template":"","meta":{"om_disable_all_campaigns":false,"_mi_skip_tracking":false,"kt_blocks_editor_width":""},"aioseo_notices":[],"_links":{"self":[{"href":"https:\/\/vodaterra.cl\/index.php?rest_route=\/wp\/v2\/pages\/208"}],"collection":[{"href":"https:\/\/vodaterra.cl\/index.php?rest_route=\/wp\/v2\/pages"}],"about":[{"href":"https:\/\/vodaterra.cl\/index.php?rest_route=\/wp\/v2\/types\/page"}],"author":[{"embeddable":true,"href":"https:\/\/vodaterra.cl\/index.php?rest_route=\/wp\/v2\/users\/1"}],"replies":[{"embeddable":true,"href":"https:\/\/vodaterra.cl\/index.php?rest_route=%2Fwp%2Fv2%2Fcomments&post=208"}],"version-history":[{"count":15,"href":"https:\/\/vodaterra.cl\/index.php?rest_route=\/wp\/v2\/pages\/208\/revisions"}],"predecessor-version":[{"id":353,"href":"https:\/\/vodaterra.cl\/index.php?rest_route=\/wp\/v2\/pages\/208\/revisions\/353"}],"wp:attachment":[{"href":"https:\/\/vodaterra.cl\/index.php?rest_route=%2Fwp%2Fv2%2Fmedia&parent=208"}],"curies":[{"name":"wp","href":"https:\/\/api.w.org\/{rel}","templated":true}]}}