{"id":2,"date":"2022-05-17T23:26:36","date_gmt":"2022-05-17T23:26:36","guid":{"rendered":"http:\/\/vodaterra.cl\/?page_id=2"},"modified":"2024-11-18T20:24:20","modified_gmt":"2024-11-18T20:24:20","slug":"sample-page","status":"publish","type":"page","link":"https:\/\/vodaterra.cl\/?page_id=2","title":{"rendered":"Acerca de nosotros"},"content":{"rendered":"\n<div class=\"is-layout-flow wp-block-group\"><div class=\"wp-block-group__inner-container\">\n<h2>Voda Terra<\/h2>\n\n\n\n<p><\/p>\n\n\n\n<div class=\"is-layout-flex wp-container-3 wp-block-columns\">\n<div class=\"is-layout-flow wp-block-column\">\n<figure class=\"wp-block-image size-large\"><img decoding=\"async\" loading=\"lazy\" width=\"1024\" height=\"683\" src=\"https:\/\/vodaterra.cl\/wp-content\/uploads\/2022\/08\/pexels-suleyman-sahan-2684805-1024x683.jpg\" alt=\"\" class=\"wp-image-61\" srcset=\"https:\/\/vodaterra.cl\/wp-content\/uploads\/2022\/08\/pexels-suleyman-sahan-2684805-1024x683.jpg 1024w, https:\/\/vodaterra.cl\/wp-content\/uploads\/2022\/08\/pexels-suleyman-sahan-2684805-300x200.jpg 300w, https:\/\/vodaterra.cl\/wp-content\/uploads\/2022\/08\/pexels-suleyman-sahan-2684805-768x512.jpg 768w, https:\/\/vodaterra.cl\/wp-content\/uploads\/2022\/08\/pexels-suleyman-sahan-2684805-1536x1024.jpg 1536w, https:\/\/vodaterra.cl\/wp-content\/uploads\/2022\/08\/pexels-suleyman-sahan-2684805-2048x1365.jpg 2048w\" sizes=\"(max-width: 1024px) 100vw, 1024px\" \/><\/figure>\n<\/div>\n\n\n\n<div class=\"is-layout-flow wp-block-column\">\n<p class=\"has-text-align-left\">&#8220;Voda Terra&#8221; significa &#8220;agua y tierra&#8221;. Este nombre surge de nuestro principal objetivo: Las actividades de apoyo a la agricultura, especialmente en la tecnolog\u00eda del riego como tema central, as\u00ed como todo lo relacionado a la producci\u00f3n de alimentos, hortalizas y frutales.<\/p>\n<\/div>\n<\/div>\n\n\n\n<h2>Historia<\/h2>\n\n\n\n<p><\/p>\n\n\n\n<div class=\"is-layout-flex wp-container-6 wp-block-columns\">\n<div class=\"is-layout-flow wp-block-column\">\n<p class=\"has-text-align-left\">VodaTerra SpA es una empresa profesional con ra\u00edces familiares, que nace de la experiencia combinada de sus creadores.<\/p>\n\n\n\n<p>Dentro de su trayectoria cabe destacar la especializaci\u00f3n en riego, con una dedicaci\u00f3n exclusiva a esta herramienta durante los \u00faltimos 10 a\u00f1os.<\/p>\n\n\n\n<p class=\"has-text-align-left\">Nuestro enfoque son las actividades de asesor\u00eda para el desarrollo de la agricultura, incluyendo la producci\u00f3n de hortalizas, frutales, praderas y ganader\u00eda.<\/p>\n<\/div>\n\n\n\n<div class=\"is-layout-flow wp-block-column\">\n<figure class=\"wp-block-image size-large\"><img decoding=\"async\" loading=\"lazy\" width=\"1024\" height=\"683\" src=\"https:\/\/vodaterra.cl\/wp-content\/uploads\/2022\/08\/pexels-alejandro-barron-96715-1024x683.jpg\" alt=\"\" class=\"wp-image-64\" srcset=\"https:\/\/vodaterra.cl\/wp-content\/uploads\/2022\/08\/pexels-alejandro-barron-96715-1024x683.jpg 1024w, https:\/\/vodaterra.cl\/wp-content\/uploads\/2022\/08\/pexels-alejandro-barron-96715-300x200.jpg 300w, https:\/\/vodaterra.cl\/wp-content\/uploads\/2022\/08\/pexels-alejandro-barron-96715-768x512.jpg 768w, https:\/\/vodaterra.cl\/wp-content\/uploads\/2022\/08\/pexels-alejandro-barron-96715-1536x1024.jpg 1536w, https:\/\/vodaterra.cl\/wp-content\/uploads\/2022\/08\/pexels-alejandro-barron-96715-2048x1365.jpg 2048w\" sizes=\"(max-width: 1024px) 100vw, 1024px\" \/><\/figure>\n<\/div>\n<\/div>\n<\/div><\/div>\n","protected":false},"excerpt":{"rendered":"<p>Voda Terra &#8220;Voda Terra&#8221; significa &#8220;agua y tierra&#8221;. Este nombre surge de nuestro principal objetivo: Las actividades de apoyo a la agricultura, especialmente en la tecnolog\u00eda del riego como tema central, as\u00ed como todo lo relacionado a la producci\u00f3n de &hellip; <a href=\"https:\/\/vodaterra.cl\/?page_id=2\">Continued<\/a><\/p>\n","protected":false},"author":1,"featured_media":0,"parent":0,"menu_order":0,"comment_status":"closed","ping_status":"open","template":"","meta":{"om_disable_all_campaigns":false,"_mi_skip_tracking":false,"kt_blocks_editor_width":""},"aioseo_notices":[],"_links":{"self":[{"href":"https:\/\/vodaterra.cl\/index.php?rest_route=\/wp\/v2\/pages\/2"}],"collection":[{"href":"https:\/\/vodaterra.cl\/index.php?rest_route=\/wp\/v2\/pages"}],"about":[{"href":"https:\/\/vodaterra.cl\/index.php?rest_route=\/wp\/v2\/types\/page"}],"author":[{"embeddable":true,"href":"https:\/\/vodaterra.cl\/index.php?rest_route=\/wp\/v2\/users\/1"}],"replies":[{"embeddable":true,"href":"https:\/\/vodaterra.cl\/index.php?rest_route=%2Fwp%2Fv2%2Fcomments&post=2"}],"version-history":[{"count":6,"href":"https:\/\/vodaterra.cl\/index.php?rest_route=\/wp\/v2\/pages\/2\/revisions"}],"predecessor-version":[{"id":444,"href":"https:\/\/vodaterra.cl\/index.php?rest_route=\/wp\/v2\/pages\/2\/revisions\/444"}],"wp:attachment":[{"href":"https:\/\/vodaterra.cl\/index.php?rest_route=%2Fwp%2Fv2%2Fmedia&parent=2"}],"curies":[{"name":"wp","href":"https:\/\/api.w.org\/{rel}","templated":true}]}}