{"id":199,"date":"2023-01-15T21:47:27","date_gmt":"2023-01-15T21:47:27","guid":{"rendered":"https:\/\/vodaterra.cl\/?page_id=199"},"modified":"2024-12-09T20:41:19","modified_gmt":"2024-12-09T20:41:19","slug":"diseno-y-gestion-de-recursos-para-financiamiento-de-proyectos-de-riego","status":"publish","type":"page","link":"https:\/\/vodaterra.cl\/?page_id=199","title":{"rendered":"Dise\u00f1o y gesti\u00f3n de recursos para financiamiento de proyectos de riego"},"content":{"rendered":"\n<div class=\"wp-block-media-text alignwide is-stacked-on-mobile\" style=\"grid-template-columns:36% auto\"><figure class=\"wp-block-media-text__media\"><img decoding=\"async\" loading=\"lazy\" width=\"683\" height=\"1024\" src=\"https:\/\/vodaterra.cl\/wp-content\/uploads\/2022\/09\/letrero_full.jpg\" alt=\"\" class=\"wp-image-155 size-full\" srcset=\"https:\/\/vodaterra.cl\/wp-content\/uploads\/2022\/09\/letrero_full.jpg 683w, https:\/\/vodaterra.cl\/wp-content\/uploads\/2022\/09\/letrero_full-200x300.jpg 200w\" sizes=\"(max-width: 683px) 100vw, 683px\" \/><\/figure><div class=\"wp-block-media-text__content\">\n<p class=\"has-medium-font-size\">Dise\u00f1o y gesti\u00f3n de recursos para financiamiento de proyectos de riego a trav\u00e9s de diferentes&nbsp;organismos p\u00fablicos tales como CNR, INDAP y CONADI.<\/p>\n\n\n\n<p>Nos encargamos de la planificaci\u00f3n y administraci\u00f3n de los proyectos de riego, trabajando con diferentes organismos p\u00fablicos para llevar de forma m\u00e1s accesible nuestros servicios a la comunidad.<\/p>\n\n\n\n<div class=\"is-layout-flex wp-container-4 wp-block-columns\">\n<div class=\"is-layout-flow wp-block-column\">\n<figure class=\"wp-block-image size-thumbnail\"><a href=\"https:\/\/www.cnr.gob.cl\"><img decoding=\"async\" loading=\"lazy\" width=\"150\" height=\"150\" src=\"https:\/\/vodaterra.cl\/wp-content\/uploads\/2024\/12\/Logo_Comision_Nacional_de_Riego_CNR-150x150.png\" alt=\"\" class=\"wp-image-515\"\/><\/a><\/figure>\n<\/div>\n\n\n\n<div class=\"is-layout-flow wp-block-column\">\n<figure class=\"wp-block-image size-thumbnail\"><a href=\"https:\/\/www.indap.gob.cl\"><img decoding=\"async\" loading=\"lazy\" width=\"150\" height=\"150\" src=\"https:\/\/vodaterra.cl\/wp-content\/uploads\/2024\/12\/Logo_Instituto_de_Desarrollo_Agropecuario_Indap-150x150.jpg\" alt=\"\" class=\"wp-image-516\" srcset=\"https:\/\/vodaterra.cl\/wp-content\/uploads\/2024\/12\/Logo_Instituto_de_Desarrollo_Agropecuario_Indap-150x150.jpg 150w, https:\/\/vodaterra.cl\/wp-content\/uploads\/2024\/12\/Logo_Instituto_de_Desarrollo_Agropecuario_Indap-300x300.jpg 300w, https:\/\/vodaterra.cl\/wp-content\/uploads\/2024\/12\/Logo_Instituto_de_Desarrollo_Agropecuario_Indap-768x768.jpg 768w, https:\/\/vodaterra.cl\/wp-content\/uploads\/2024\/12\/Logo_Instituto_de_Desarrollo_Agropecuario_Indap.jpg 990w\" sizes=\"(max-width: 150px) 100vw, 150px\" \/><\/a><\/figure>\n<\/div>\n\n\n\n<div class=\"is-layout-flow wp-block-column\">\n<figure class=\"wp-block-image size-thumbnail\"><a href=\"https:\/\/www.conadi.gob.cl\"><img decoding=\"async\" loading=\"lazy\" width=\"150\" height=\"150\" src=\"https:\/\/vodaterra.cl\/wp-content\/uploads\/2024\/12\/Conadi-150x150.png\" alt=\"\" class=\"wp-image-517\"\/><\/a><\/figure>\n<\/div>\n<\/div>\n<\/div><\/div>\n\n\n\n<div class=\"is-layout-flex wp-container-8 wp-block-columns\">\n<div class=\"is-layout-flow wp-block-column\">\n<figure class=\"wp-block-image size-thumbnail\"><a href=\"https:\/\/vodaterra.cl\/wp-content\/uploads\/2023\/01\/diseno.jpg\"><img decoding=\"async\" loading=\"lazy\" width=\"150\" height=\"150\" src=\"https:\/\/vodaterra.cl\/wp-content\/uploads\/2023\/01\/diseno-150x150.jpg\" alt=\"\" class=\"wp-image-346\"\/><\/a><\/figure>\n<\/div>\n\n\n\n<div class=\"is-layout-flow wp-block-column\">\n<figure class=\"wp-block-image size-thumbnail\"><a href=\"https:\/\/vodaterra.cl\/wp-content\/uploads\/2023\/01\/diseno-2-scaled.jpg\"><img decoding=\"async\" loading=\"lazy\" width=\"150\" height=\"150\" src=\"https:\/\/vodaterra.cl\/wp-content\/uploads\/2023\/01\/diseno-2-150x150.jpg\" alt=\"\" class=\"wp-image-348\"\/><\/a><\/figure>\n<\/div>\n\n\n\n<div class=\"is-layout-flow wp-block-column\"><\/div>\n<\/div>\n","protected":false},"excerpt":{"rendered":"","protected":false},"author":1,"featured_media":0,"parent":0,"menu_order":0,"comment_status":"closed","ping_status":"closed","template":"","meta":{"om_disable_all_campaigns":false,"_mi_skip_tracking":false,"kt_blocks_editor_width":""},"aioseo_notices":[],"_links":{"self":[{"href":"https:\/\/vodaterra.cl\/index.php?rest_route=\/wp\/v2\/pages\/199"}],"collection":[{"href":"https:\/\/vodaterra.cl\/index.php?rest_route=\/wp\/v2\/pages"}],"about":[{"href":"https:\/\/vodaterra.cl\/index.php?rest_route=\/wp\/v2\/types\/page"}],"author":[{"embeddable":true,"href":"https:\/\/vodaterra.cl\/index.php?rest_route=\/wp\/v2\/users\/1"}],"replies":[{"embeddable":true,"href":"https:\/\/vodaterra.cl\/index.php?rest_route=%2Fwp%2Fv2%2Fcomments&post=199"}],"version-history":[{"count":7,"href":"https:\/\/vodaterra.cl\/index.php?rest_route=\/wp\/v2\/pages\/199\/revisions"}],"predecessor-version":[{"id":518,"href":"https:\/\/vodaterra.cl\/index.php?rest_route=\/wp\/v2\/pages\/199\/revisions\/518"}],"wp:attachment":[{"href":"https:\/\/vodaterra.cl\/index.php?rest_route=%2Fwp%2Fv2%2Fmedia&parent=199"}],"curies":[{"name":"wp","href":"https:\/\/api.w.org\/{rel}","templated":true}]}}