{"id":10,"date":"2022-05-18T01:17:49","date_gmt":"2022-05-18T01:17:49","guid":{"rendered":"https:\/\/vodaterra.cl\/?page_id=10"},"modified":"2024-12-09T17:25:44","modified_gmt":"2024-12-09T17:25:44","slug":"contact-us","status":"publish","type":"page","link":"https:\/\/vodaterra.cl\/?page_id=10","title":{"rendered":"Cont\u00e1ctenos"},"content":{"rendered":"\n<p><\/p>\n\n\n\n<div class=\"is-layout-flow wp-block-group alignfull has-black-color has-white-background-color has-text-color has-background\"><div class=\"wp-block-group__inner-container\">\n<div class=\"is-layout-flex wp-container-5 wp-block-columns alignwide are-vertically-aligned-center has-white-background-color has-background\">\n<div class=\"is-layout-flow wp-block-column is-vertically-aligned-center\" style=\"flex-basis:50%\">\n<div class=\"is-layout-flow wp-block-group\"><div class=\"wp-block-group__inner-container\">\n<h2 class=\"has-black-color has-text-color\">Contacto<\/h2>\n\n\n\n<h4 class=\"has-black-color has-text-color\"><strong>Direcci\u00f3n<\/strong><\/h4>\n\n\n\n<p class=\"has-black-color has-text-color\">Av. Nueva Providencia 1881, Santiago.<\/p>\n\n\n\n<p>Jos\u00e9 Miguel Carrera 905, Lonquimay.<\/p>\n\n\n\n<p>Angamos 663, Punta Arenas.<\/p>\n\n\n\n<h4 class=\"has-black-color has-text-color\"><strong>Email<\/strong><\/h4>\n\n\n\n<p>contacto@vodaterra.cl<\/p>\n\n\n\n<p class=\"has-black-color has-text-color\">vodaterraspa@gmail.com<\/p>\n\n\n\n<h4 class=\"has-black-color has-text-color\"><strong>Tel\u00e9fono<\/strong><\/h4>\n\n\n\n<p class=\"has-black-color has-text-color\">Celular: <\/p>\n\n\n\n<p class=\"has-black-color has-text-color\">+56 976076065<\/p>\n\n\n\n<p>+56 994539987<\/p>\n<\/div><\/div>\n<\/div>\n\n\n\n<div class=\"is-layout-flow wp-block-column is-vertically-aligned-center\" style=\"flex-basis:50%\">\n<div class=\"is-layout-flow wp-block-group has-white-background-color has-background\"><div class=\"wp-block-group__inner-container\"><div class=\"wpforms-container wpforms-container-full\" id=\"wpforms-12\"><form id=\"wpforms-form-12\" class=\"wpforms-validate wpforms-form\" data-formid=\"12\" method=\"post\" enctype=\"multipart\/form-data\" action=\"\/index.php?rest_route=%2Fwp%2Fv2%2Fpages%2F10\" data-token=\"edb2c85331bfe5ff990f387ab05ff45e\"><noscript class=\"wpforms-error-noscript\">Please enable JavaScript in your browser to complete this form.<\/noscript><div class=\"wpforms-field-container\"><div id=\"wpforms-12-field_0-container\" class=\"wpforms-field wpforms-field-name\" data-field-id=\"0\"><label class=\"wpforms-field-label wpforms-label-hide\" for=\"wpforms-12-field_0\">Nombre <span class=\"wpforms-required-label\">*<\/span><\/label><input type=\"text\" id=\"wpforms-12-field_0\" class=\"wpforms-field-large wpforms-field-required\" name=\"wpforms[fields][0]\" placeholder=\"Nombre\" required><\/div><div id=\"wpforms-12-field_1-container\" class=\"wpforms-field wpforms-field-email\" data-field-id=\"1\"><label class=\"wpforms-field-label wpforms-label-hide\" for=\"wpforms-12-field_1\">Email <span class=\"wpforms-required-label\">*<\/span><\/label><input type=\"email\" id=\"wpforms-12-field_1\" class=\"wpforms-field-large wpforms-field-required\" name=\"wpforms[fields][1]\" placeholder=\"Email\" required><\/div><div id=\"wpforms-12-field_3-container\" class=\"wpforms-field wpforms-field-text\" data-field-id=\"3\"><label class=\"wpforms-field-label wpforms-label-hide\" for=\"wpforms-12-field_3\">Asunto <span class=\"wpforms-required-label\">*<\/span><\/label><input type=\"text\" id=\"wpforms-12-field_3\" class=\"wpforms-field-large wpforms-field-required\" name=\"wpforms[fields][3]\" placeholder=\"Asunto\" required><\/div><div id=\"wpforms-12-field_2-container\" class=\"wpforms-field wpforms-field-textarea\" data-field-id=\"2\"><label class=\"wpforms-field-label wpforms-label-hide\" for=\"wpforms-12-field_2\">Mensaje <span class=\"wpforms-required-label\">*<\/span><\/label><textarea id=\"wpforms-12-field_2\" class=\"wpforms-field-medium wpforms-field-required\" name=\"wpforms[fields][2]\" placeholder=\"Mensaje\" required><\/textarea><\/div><\/div><div class=\"wpforms-field wpforms-field-hp\"><label for=\"wpforms-12-field-hp\" class=\"wpforms-field-label\">Comment<\/label><input type=\"text\" name=\"wpforms[hp]\" id=\"wpforms-12-field-hp\" class=\"wpforms-field-medium\"><\/div><div class=\"wpforms-submit-container\"><input type=\"hidden\" name=\"wpforms[id]\" value=\"12\"><input type=\"hidden\" name=\"wpforms[author]\" value=\"1\"><button type=\"submit\" name=\"wpforms[submit]\" id=\"wpforms-submit-12\" class=\"wpforms-submit\" data-alt-text=\"Enviando...\" data-submit-text=\"Enviar mensaje\" aria-live=\"assertive\" value=\"wpforms-submit\">Enviar mensaje<\/button><\/div><\/form><\/div>  <!-- .wpforms-container --><\/div><\/div>\n<\/div>\n<\/div>\n<\/div><\/div>\n","protected":false},"excerpt":{"rendered":"<p>Contacto Direcci\u00f3n Av. Nueva Providencia 1881, Santiago. Jos\u00e9 Miguel Carrera 905, Lonquimay. Angamos 663, Punta Arenas. Email contacto@vodaterra.cl vodaterraspa@gmail.com Tel\u00e9fono Celular: +56 976076065 +56 994539987<\/p>\n","protected":false},"author":1,"featured_media":0,"parent":0,"menu_order":0,"comment_status":"closed","ping_status":"closed","template":"","meta":{"om_disable_all_campaigns":false,"_mi_skip_tracking":false,"kt_blocks_editor_width":""},"aioseo_notices":[],"_links":{"self":[{"href":"https:\/\/vodaterra.cl\/index.php?rest_route=\/wp\/v2\/pages\/10"}],"collection":[{"href":"https:\/\/vodaterra.cl\/index.php?rest_route=\/wp\/v2\/pages"}],"about":[{"href":"https:\/\/vodaterra.cl\/index.php?rest_route=\/wp\/v2\/types\/page"}],"author":[{"embeddable":true,"href":"https:\/\/vodaterra.cl\/index.php?rest_route=\/wp\/v2\/users\/1"}],"replies":[{"embeddable":true,"href":"https:\/\/vodaterra.cl\/index.php?rest_route=%2Fwp%2Fv2%2Fcomments&post=10"}],"version-history":[{"count":11,"href":"https:\/\/vodaterra.cl\/index.php?rest_route=\/wp\/v2\/pages\/10\/revisions"}],"predecessor-version":[{"id":474,"href":"https:\/\/vodaterra.cl\/index.php?rest_route=\/wp\/v2\/pages\/10\/revisions\/474"}],"wp:attachment":[{"href":"https:\/\/vodaterra.cl\/index.php?rest_route=%2Fwp%2Fv2%2Fmedia&parent=10"}],"curies":[{"name":"wp","href":"https:\/\/api.w.org\/{rel}","templated":true}]}}